{"id":3041,"date":"2022-11-21T13:41:07","date_gmt":"2022-11-21T12:41:07","guid":{"rendered":"https:\/\/investieren-wohnen.de\/cms\/?page_id=3041"},"modified":"2024-10-30T10:19:36","modified_gmt":"2024-10-30T09:19:36","slug":"projekt-olympisches-dorf-von-1936-elstal","status":"publish","type":"page","link":"https:\/\/investieren-wohnen.de\/cms\/projekt-olympisches-dorf-von-1936-elstal\/","title":{"rendered":"Projekt Olympisches Dorf von 1936 &#8211; Elstal"},"content":{"rendered":"\n<style type=\"text\/css\" data-created_by=\"avia_inline_auto\" id=\"style-css-av-kp56r6d4-680f3432c2112f1ef86c34b01001d98e\">\n#top .av-special-heading.av-kp56r6d4-680f3432c2112f1ef86c34b01001d98e{\npadding-bottom:25px;\ncolor:#b02b2c;\nfont-size:36px;\n}\nbody .av-special-heading.av-kp56r6d4-680f3432c2112f1ef86c34b01001d98e .av-special-heading-tag .heading-char{\nfont-size:25px;\n}\n#top #wrap_all .av-special-heading.av-kp56r6d4-680f3432c2112f1ef86c34b01001d98e .av-special-heading-tag{\nfont-size:36px;\n}\n.av-special-heading.av-kp56r6d4-680f3432c2112f1ef86c34b01001d98e .special-heading-inner-border{\nborder-color:#b02b2c;\n}\n.av-special-heading.av-kp56r6d4-680f3432c2112f1ef86c34b01001d98e .av-subheading{\nfont-size:21px;\n}\n\n@media only screen and (min-width: 480px) and (max-width: 767px){ \n#top #wrap_all .av-special-heading.av-kp56r6d4-680f3432c2112f1ef86c34b01001d98e .av-special-heading-tag{\nfont-size:0.8em;\n}\n}\n\n@media only screen and (max-width: 479px){ \n#top #wrap_all .av-special-heading.av-kp56r6d4-680f3432c2112f1ef86c34b01001d98e .av-special-heading-tag{\nfont-size:0.8em;\n}\n}\n<\/style>\n<div  class='av-special-heading av-kp56r6d4-680f3432c2112f1ef86c34b01001d98e av-special-heading-h3 custom-color-heading blockquote modern-quote modern-centered  avia-builder-el-0  el_before_av_slideshow  avia-builder-el-first  av-inherit-size'><h3 class='av-special-heading-tag '  itemprop=\"headline\"  >Investieren und Wohnen in der Gartenstadt Olympisches Dorf von 1936<\/h3><div class='av_custom_color av-subheading av-subheading_below'><p>Investment in Elstal | Nahe Berlin<br \/>\nIm Verkauf \u00b7 H\u00e4user 5 und 6<\/p>\n<\/div><div class=\"special-heading-border\"><div class=\"special-heading-inner-border\"><\/div><\/div><\/div>\n<div  class='avia-slideshow av-1wqjt4-647a03386e712f1705773814acc3205f avia-slideshow-no scaling av_slideshow avia-slide-slider  avia-builder-el-1  el_after_av_heading  el_before_av_heading  av-slideshow-ui av-control-default av-slideshow-autoplay av-loop-endless av-loop-manual-endless av-default-height-applied avia-slideshow-1' data-slideshow-options=\"{&quot;animation&quot;:&quot;slide&quot;,&quot;autoplay&quot;:true,&quot;loop_autoplay&quot;:&quot;endless&quot;,&quot;interval&quot;:5,&quot;loop_manual&quot;:&quot;manual-endless&quot;,&quot;autoplay_stopper&quot;:false,&quot;noNavigation&quot;:false,&quot;bg_slider&quot;:false,&quot;keep_padding&quot;:false,&quot;hoverpause&quot;:false,&quot;show_slide_delay&quot;:0}\"  itemprop=\"image\" itemscope=\"itemscope\" itemtype=\"https:\/\/schema.org\/ImageObject\" ><ul class='avia-slideshow-inner ' style='padding-bottom: 50%;'><li  class='avia-slideshow-slide av-1wqjt4-647a03386e712f1705773814acc3205f__0  slide-1 slide-odd'><div data-rel='slideshow-1' class='avia-slide-wrap '   ><img class=\"wp-image-3042 avia-img-lazy-loading-not-3042\"  src=\"https:\/\/investieren-wohnen.de\/cms\/wp-content\/uploads\/2022\/11\/olympisches_dorf_10.jpg\" width=\"1006\" height=\"503\" title='olympisches_dorf_10' alt=''  itemprop=\"thumbnailUrl\" srcset=\"https:\/\/investieren-wohnen.de\/cms\/wp-content\/uploads\/2022\/11\/olympisches_dorf_10.jpg 1006w, https:\/\/investieren-wohnen.de\/cms\/wp-content\/uploads\/2022\/11\/olympisches_dorf_10-300x150.jpg 300w, https:\/\/investieren-wohnen.de\/cms\/wp-content\/uploads\/2022\/11\/olympisches_dorf_10-768x384.jpg 768w, https:\/\/investieren-wohnen.de\/cms\/wp-content\/uploads\/2022\/11\/olympisches_dorf_10-705x353.jpg 705w\" sizes=\"(max-width: 1006px) 100vw, 1006px\" \/><\/div><\/li><li  class='avia-slideshow-slide av-1wqjt4-647a03386e712f1705773814acc3205f__1  slide-2 slide-even'><div data-rel='slideshow-1' class='avia-slide-wrap '   ><img class=\"wp-image-3043 avia-img-lazy-loading-not-3043\"  src=\"https:\/\/investieren-wohnen.de\/cms\/wp-content\/uploads\/2022\/11\/olympisches_dorf_11.jpg\" width=\"1006\" height=\"503\" title='olympisches_dorf_11' alt=''  itemprop=\"thumbnailUrl\" srcset=\"https:\/\/investieren-wohnen.de\/cms\/wp-content\/uploads\/2022\/11\/olympisches_dorf_11.jpg 1006w, https:\/\/investieren-wohnen.de\/cms\/wp-content\/uploads\/2022\/11\/olympisches_dorf_11-300x150.jpg 300w, https:\/\/investieren-wohnen.de\/cms\/wp-content\/uploads\/2022\/11\/olympisches_dorf_11-768x384.jpg 768w, https:\/\/investieren-wohnen.de\/cms\/wp-content\/uploads\/2022\/11\/olympisches_dorf_11-705x353.jpg 705w\" sizes=\"(max-width: 1006px) 100vw, 1006px\" \/><\/div><\/li><li  class='avia-slideshow-slide av-1wqjt4-647a03386e712f1705773814acc3205f__2  slide-3 slide-odd'><div data-rel='slideshow-1' class='avia-slide-wrap '   ><img class=\"wp-image-3044 avia-img-lazy-loading-not-3044\"  src=\"https:\/\/investieren-wohnen.de\/cms\/wp-content\/uploads\/2022\/11\/olympisches_dorf_12.jpg\" width=\"1006\" height=\"503\" title='olympisches_dorf_12' alt=''  itemprop=\"thumbnailUrl\" srcset=\"https:\/\/investieren-wohnen.de\/cms\/wp-content\/uploads\/2022\/11\/olympisches_dorf_12.jpg 1006w, https:\/\/investieren-wohnen.de\/cms\/wp-content\/uploads\/2022\/11\/olympisches_dorf_12-300x150.jpg 300w, https:\/\/investieren-wohnen.de\/cms\/wp-content\/uploads\/2022\/11\/olympisches_dorf_12-768x384.jpg 768w, https:\/\/investieren-wohnen.de\/cms\/wp-content\/uploads\/2022\/11\/olympisches_dorf_12-705x353.jpg 705w\" sizes=\"(max-width: 1006px) 100vw, 1006px\" \/><\/div><\/li><\/ul><div class='avia-slideshow-arrows avia-slideshow-controls' ><a href='#prev' class='prev-slide  avia-svg-icon avia-font-svg_entypo-fontello' data-av_svg_icon='left-open-big' data-av_iconset='svg_entypo-fontello' tabindex='-1' title=\"Zur\u00fcck\"><svg version=\"1.1\" xmlns=\"http:\/\/www.w3.org\/2000\/svg\" width=\"15\" height=\"32\" viewBox=\"0 0 15 32\" preserveAspectRatio=\"xMidYMid meet\" aria-labelledby='av-svg-title-1' aria-describedby='av-svg-desc-1' role=\"graphics-symbol\" aria-hidden=\"true\">\n<title id='av-svg-title-1'>Zur\u00fcck<\/title>\n<desc id='av-svg-desc-1'>Zur\u00fcck<\/desc>\n<path d=\"M14.464 27.84q0.832 0.832 0 1.536-0.832 0.832-1.536 0l-12.544-12.608q-0.768-0.768 0-1.6l12.544-12.608q0.704-0.832 1.536 0 0.832 0.704 0 1.536l-11.456 11.904z\"><\/path>\n<\/svg><span class='avia_hidden_link_text'>Zur\u00fcck<\/span><\/a><a href='#next' class='next-slide  avia-svg-icon avia-font-svg_entypo-fontello' data-av_svg_icon='right-open-big' data-av_iconset='svg_entypo-fontello' tabindex='-1' title=\"Weiter\"><svg version=\"1.1\" xmlns=\"http:\/\/www.w3.org\/2000\/svg\" width=\"15\" height=\"32\" viewBox=\"0 0 15 32\" preserveAspectRatio=\"xMidYMid meet\" aria-labelledby='av-svg-title-2' aria-describedby='av-svg-desc-2' role=\"graphics-symbol\" aria-hidden=\"true\">\n<title id='av-svg-title-2'>Weiter<\/title>\n<desc id='av-svg-desc-2'>Weiter<\/desc>\n<path d=\"M0.416 27.84l11.456-11.84-11.456-11.904q-0.832-0.832 0-1.536 0.832-0.832 1.536 0l12.544 12.608q0.768 0.832 0 1.6l-12.544 12.608q-0.704 0.832-1.536 0-0.832-0.704 0-1.536z\"><\/path>\n<\/svg><span class='avia_hidden_link_text'>Weiter<\/span><\/a><\/div><div class='avia-slideshow-dots avia-slideshow-controls'><a href='#1' class='goto-slide active' >1<\/a><a href='#2' class='goto-slide ' >2<\/a><a href='#3' class='goto-slide ' >3<\/a><\/div><\/div>\n\n<style type=\"text\/css\" data-created_by=\"avia_inline_auto\" id=\"style-css-av-3a8qzo-2d0dfe8d7ff66fce4f99f8c56a30c98f\">\n#top .av-special-heading.av-3a8qzo-2d0dfe8d7ff66fce4f99f8c56a30c98f{\npadding-bottom:25px;\ncolor:#b02b2c;\nfont-size:36px;\n}\nbody .av-special-heading.av-3a8qzo-2d0dfe8d7ff66fce4f99f8c56a30c98f .av-special-heading-tag .heading-char{\nfont-size:25px;\n}\n#top #wrap_all .av-special-heading.av-3a8qzo-2d0dfe8d7ff66fce4f99f8c56a30c98f .av-special-heading-tag{\nfont-size:36px;\n}\n.av-special-heading.av-3a8qzo-2d0dfe8d7ff66fce4f99f8c56a30c98f .special-heading-inner-border{\nborder-color:#b02b2c;\n}\n.av-special-heading.av-3a8qzo-2d0dfe8d7ff66fce4f99f8c56a30c98f .av-subheading{\nfont-size:21px;\n}\n\n@media only screen and (min-width: 480px) and (max-width: 767px){ \n#top #wrap_all .av-special-heading.av-3a8qzo-2d0dfe8d7ff66fce4f99f8c56a30c98f .av-special-heading-tag{\nfont-size:0.8em;\n}\n}\n\n@media only screen and (max-width: 479px){ \n#top #wrap_all .av-special-heading.av-3a8qzo-2d0dfe8d7ff66fce4f99f8c56a30c98f .av-special-heading-tag{\nfont-size:0.8em;\n}\n}\n<\/style>\n<div  class='av-special-heading av-3a8qzo-2d0dfe8d7ff66fce4f99f8c56a30c98f av-special-heading-h3 custom-color-heading blockquote modern-quote modern-centered  avia-builder-el-2  el_after_av_slideshow  el_before_av_section  avia-builder-el-last  av-inherit-size'><h3 class='av-special-heading-tag '  itemprop=\"headline\"  >Ihre Immobilie in einem historischen Objekt!<\/h3><div class='av_custom_color av-subheading av-subheading_below'><p>Ergreifen Sie jetzt Ihre Chance zu diesem einmaligen Investment<\/p>\n<\/div><div class=\"special-heading-border\"><div class=\"special-heading-inner-border\"><\/div><\/div><\/div>\n<\/div><\/div><\/div><!-- close content main div --><\/div><\/div>\n<style type=\"text\/css\" data-created_by=\"avia_inline_auto\" id=\"style-css-av-10xcyg-d6d792589f5b3853b2c108ad4ceb6cdd\">\n.avia-section.av-10xcyg-d6d792589f5b3853b2c108ad4ceb6cdd .av-section-color-overlay{\nopacity:0.3;\nbackground-color:#ffffff;\n}\n<\/style>\n<div id='av_section_1'  class='avia-section av-10xcyg-d6d792589f5b3853b2c108ad4ceb6cdd main_color avia-section-default avia-no-shadow  avia-builder-el-3  el_after_av_heading  el_before_av_one_half  avia-bg-style-parallax av-section-color-overlay-active container_wrap sidebar_right'  ><div class=\"av-section-color-overlay-wrap\"><div class=\"av-section-color-overlay\"><\/div><div class='container av-section-cont-open' ><div class='template-page content  av-content-small alpha units'><div class='post-entry post-entry-type-page post-entry-3041'><div class='entry-content-wrapper clearfix'>\n<section  class='av_textblock_section av-8hnkk8-057cd042af3c19a9c7fdcd61f53286a3 '   itemscope=\"itemscope\" itemtype=\"https:\/\/schema.org\/CreativeWork\" ><div class='avia_textblock'  itemprop=\"text\" ><p style=\"text-align: center;\">\u2022 55 Wohnungen und 1 Gewerbeeinheit mit 2 bis 4 Zimmern zwischen 54 m\u00b2 und 118 m\u00b2<\/p>\n<p style=\"text-align: center;\">\u2022 Terrasse, Balkone, Loggien und Dachterrassen<\/p>\n<p style=\"text-align: center;\">\u2022 Einmalige Lage im Speckg\u00fcrtel der Wachstumsregion Berlin<\/p>\n<p style=\"text-align: center;\">\u2022 Nur ca. 24 Min. ins Zentrum von Berlin und ca. 30 Min. nach Potsdam<\/p>\n<p style=\"text-align: center;\">\u2022 Der Satzungsbeschluss f\u00fcr den Bebauungsplan Nr. E 36 B Olympisches Dorf wird im IV. Quartal 2022 erwartet<\/p>\n<p style=\"text-align: center;\">\u2022 Ehemaliges Olympisches Dorf von 1936 in Elstal bei Berlin<\/p>\n<p style=\"text-align: center;\">\u2022 Gemeinschaftsfl\u00e4chen: Sportpfad, Kinderspielpl\u00e4tze etc. in der Gr\u00fcnen Mitte<\/p>\n<p style=\"text-align: center;\">\u2022 Prognose: bis 2035 Bev\u00f6lkerungswachstum von ca. 69 % in Elstal<\/p>\n<p style=\"text-align: center;\">\u2022 Abschreibung nach \u00a7 7h EStG (Sanierungsgebiet): Modernisierungskosten voraussichtlich zwischen ca. 50 % und 65 % des Kaufpreises.<\/p>\n<p style=\"text-align: center;\">\u2022 Je Wohnung 150.000 \u20ac zinsbeg\u00fcnstigtes Darlehen und 30 % Tilgungszuschuss durch KfW F\u00f6rderung Effizienzhaus 55 EE WPB (worst performing buildings)<\/p>\n<p style=\"text-align: center;\">\u2022 Wertsteigerung am Wachstumsstandort Wustermark.<\/p>\n<p style=\"text-align: center;\">\u2022 Nehmen Sie gern auch au\u00dferhalb \u00fcblicher Gesch\u00e4ftszeiten Kontakt zu uns auf:<\/p>\n<p style=\"text-align: center;\">\u2022<\/p>\n<p style=\"text-align: center;\">F\u00fcr weitere Informationen \u00fcber das Projekt \u201eOlympisches Dorf\u201c stehen Ihnen Ihre Ansprechpartner<\/p>\n<p style=\"text-align: center;\">von der pact Finanz AG auch gern pers\u00f6nlich zur Verf\u00fcgung:\u00a0<strong>Gero Bretz\u00a0und Fred K\u00f6sterke<\/strong><\/p>\n<p style=\"text-align: center;\">Handelsvertreter der pact Finanz AG \u00a0\u00b7 <strong>Telefon-Direktwahl:\u00a0<a href=\"tel:0171 5868028\">0171 &#8211; 586 80 28<\/a><\/strong><\/p>\n<p style=\"text-align: center;\">pact Finanz AG \u00b7 L\u00e4rchenstra\u00dfe 3 \u00b7 30161 Hannover,\u00a0Telefon: <a href=\"tel:0511 3491960\">0511 \u2013 34 91 96-0<\/a> \u00a0\u00b7 \u00a0Fax: 0511 \u2013 34 91 96-22<\/p>\n<p style=\"text-align: center;\">E-Mail: <a href=\"mailto:Info@investieren-wohnen.de\">info@investieren-wohnen.de<\/a><\/p>\n<\/div><\/section>\n<\/div><\/div><\/div><!-- close content main div --><\/div><\/div><\/div><div id='after_section_1'  class='main_color av_default_container_wrap container_wrap sidebar_right'  ><div class='container av-section-cont-open' ><div class='template-page content  av-content-small alpha units'><div class='post-entry post-entry-type-page post-entry-3041'><div class='entry-content-wrapper clearfix'>\n<style type=\"text\/css\" data-created_by=\"avia_inline_auto\" id=\"style-css-av-7mulq0-096be0a28da1bfe2bc34b59134f1d48d\">\n.flex_column.av-7mulq0-096be0a28da1bfe2bc34b59134f1d48d{\nborder-radius:0px 0px 0px 0px;\npadding:0px 0px 0px 0px;\n}\n<\/style>\n<div  class='flex_column av-7mulq0-096be0a28da1bfe2bc34b59134f1d48d av_one_half  avia-builder-el-5  el_after_av_section  el_before_av_one_half  avia-builder-el-first  first flex_column_div av-zero-column-padding  '     ><article  class='iconbox iconbox_top av-k0fns-e7aa57c8401954a47d8adc9907d33cf0  avia-builder-el-6  avia-builder-el-no-sibling  main_color'  itemscope=\"itemscope\" itemtype=\"https:\/\/schema.org\/CreativeWork\" ><div class=\"iconbox_content\"><header class=\"entry-content-header\" aria-label=\"Icon: Referenzen\"><a href='https:\/\/investieren-wohnen.de\/cms\/referenzen\/' title='Referenzen' aria-label='Referenzen'  class='iconbox_icon heading-color avia-iconfont avia-font-entypo-fontello' data-av_icon='\ue81e' data-av_iconfont='entypo-fontello' title=\"Referenzen\" desc=\"Referenzen\" ><\/a><h3 class='iconbox_content_title '  itemprop=\"headline\" ><a href='https:\/\/investieren-wohnen.de\/cms\/referenzen\/' title='Referenzen' >Referenzen<\/a><\/h3><\/header><div class='iconbox_content_container '  itemprop=\"text\" ><p style=\"text-align: center;\">Impressionen und Ansichten.<\/p>\n<\/div><\/div><footer class=\"entry-footer\"><\/footer><\/article><\/div><\/p>\n\n<style type=\"text\/css\" data-created_by=\"avia_inline_auto\" id=\"style-css-av-48cvq0-b68179d0afbce303a527e8424202134b\">\n.flex_column.av-48cvq0-b68179d0afbce303a527e8424202134b{\nborder-radius:0px 0px 0px 0px;\npadding:0px 0px 0px 0px;\n}\n<\/style>\n<div  class='flex_column av-48cvq0-b68179d0afbce303a527e8424202134b av_one_half  avia-builder-el-7  el_after_av_one_half  avia-builder-el-last  flex_column_div av-zero-column-padding  '     ><article  class='iconbox iconbox_top av-2g8pl4-b6006d26b47afbe4db4f4b84d37f2ae6  avia-builder-el-8  avia-builder-el-no-sibling  main_color'  itemscope=\"itemscope\" itemtype=\"https:\/\/schema.org\/CreativeWork\" ><div class=\"iconbox_content\"><header class=\"entry-content-header\" aria-label=\"Icon: Direktkontakt\"><a href='https:\/\/investieren-wohnen.de\/cms\/ansprechpartner\/' title='Direktkontakt' aria-label='Direktkontakt'  class='iconbox_icon heading-color avia-iconfont avia-font-entypo-fontello' data-av_icon='\ue80b' data-av_iconfont='entypo-fontello' title=\"Direktkontakt\" desc=\"Direktkontakt\" ><\/a><h3 class='iconbox_content_title '  itemprop=\"headline\" ><a href='https:\/\/investieren-wohnen.de\/cms\/ansprechpartner\/' title='Direktkontakt' >Direktkontakt<\/a><\/h3><\/header><div class='iconbox_content_container '  itemprop=\"text\" ><p>Sie haben Fragen? Wir die Antworten.<\/p>\n<\/div><\/div><footer class=\"entry-footer\"><\/footer><\/article><\/div>\n","protected":false},"excerpt":{"rendered":"","protected":false},"author":1,"featured_media":0,"parent":0,"menu_order":0,"comment_status":"closed","ping_status":"closed","template":"","meta":[],"_links":{"self":[{"href":"https:\/\/investieren-wohnen.de\/cms\/wp-json\/wp\/v2\/pages\/3041"}],"collection":[{"href":"https:\/\/investieren-wohnen.de\/cms\/wp-json\/wp\/v2\/pages"}],"about":[{"href":"https:\/\/investieren-wohnen.de\/cms\/wp-json\/wp\/v2\/types\/page"}],"author":[{"embeddable":true,"href":"https:\/\/investieren-wohnen.de\/cms\/wp-json\/wp\/v2\/users\/1"}],"replies":[{"embeddable":true,"href":"https:\/\/investieren-wohnen.de\/cms\/wp-json\/wp\/v2\/comments?post=3041"}],"version-history":[{"count":6,"href":"https:\/\/investieren-wohnen.de\/cms\/wp-json\/wp\/v2\/pages\/3041\/revisions"}],"predecessor-version":[{"id":3189,"href":"https:\/\/investieren-wohnen.de\/cms\/wp-json\/wp\/v2\/pages\/3041\/revisions\/3189"}],"wp:attachment":[{"href":"https:\/\/investieren-wohnen.de\/cms\/wp-json\/wp\/v2\/media?parent=3041"}],"curies":[{"name":"wp","href":"https:\/\/api.w.org\/{rel}","templated":true}]}}